{"id":750,"date":"2025-01-08T02:14:53","date_gmt":"2025-01-08T01:14:53","guid":{"rendered":"https:\/\/greenrock-capital.com\/?page_id=750"},"modified":"2025-11-13T13:56:54","modified_gmt":"2025-11-13T12:56:54","slug":"contact-us","status":"publish","type":"page","link":"https:\/\/greenrock-capital.com\/en\/contact-us\/","title":{"rendered":"Contact Us"},"content":{"rendered":"<div class=\"wp-block-cover alignfull is-light has-roboto-font-family\" style=\"min-height:100vh;aspect-ratio:unset;\"><img data-recalc-dims=\"1\" fetchpriority=\"high\" decoding=\"async\" width=\"1170\" height=\"780\" data-attachment-id=\"951\" data-permalink=\"https:\/\/greenrock-capital.com\/en\/contact-us\/darstellung-der-individuellen-rechtsberatung-von-rechtsanwalt-dr-hiemsch-aus-bad-schwalbach\/\" data-orig-file=\"https:\/\/i0.wp.com\/greenrock-capital.com\/wp-content\/uploads\/2024\/12\/darstellung-der-individuellen-rechtsberatung-von-rechtsanwalt-dr-hiemsch-aus-bad-schwalbach.jpg?fit=1536%2C1024&amp;ssl=1\" data-orig-size=\"1536,1024\" data-comments-opened=\"1\" data-image-meta=\"{&quot;aperture&quot;:&quot;0&quot;,&quot;credit&quot;:&quot;&quot;,&quot;camera&quot;:&quot;&quot;,&quot;caption&quot;:&quot;&quot;,&quot;created_timestamp&quot;:&quot;0&quot;,&quot;copyright&quot;:&quot;&quot;,&quot;focal_length&quot;:&quot;0&quot;,&quot;iso&quot;:&quot;0&quot;,&quot;shutter_speed&quot;:&quot;0&quot;,&quot;title&quot;:&quot;&quot;,&quot;orientation&quot;:&quot;0&quot;}\" data-image-title=\"darstellung-der-individuellen-rechtsberatung-von-rechtsanwalt-dr-hiemsch-aus-bad-schwalbach\" data-image-description=\"\" data-image-caption=\"\" data-large-file=\"https:\/\/i0.wp.com\/greenrock-capital.com\/wp-content\/uploads\/2024\/12\/darstellung-der-individuellen-rechtsberatung-von-rechtsanwalt-dr-hiemsch-aus-bad-schwalbach.jpg?fit=1024%2C683&amp;ssl=1\" class=\"wp-block-cover__image-background wp-image-951 size-full\" alt=\"\" src=\"https:\/\/i0.wp.com\/greenrock-capital.com\/wp-content\/uploads\/2024\/12\/darstellung-der-individuellen-rechtsberatung-von-rechtsanwalt-dr-hiemsch-aus-bad-schwalbach.jpg?resize=1170%2C780&#038;ssl=1\" data-object-fit=\"cover\" srcset=\"https:\/\/i0.wp.com\/greenrock-capital.com\/wp-content\/uploads\/2024\/12\/darstellung-der-individuellen-rechtsberatung-von-rechtsanwalt-dr-hiemsch-aus-bad-schwalbach.jpg?w=1536&amp;ssl=1 1536w, https:\/\/i0.wp.com\/greenrock-capital.com\/wp-content\/uploads\/2024\/12\/darstellung-der-individuellen-rechtsberatung-von-rechtsanwalt-dr-hiemsch-aus-bad-schwalbach.jpg?resize=300%2C200&amp;ssl=1 300w, https:\/\/i0.wp.com\/greenrock-capital.com\/wp-content\/uploads\/2024\/12\/darstellung-der-individuellen-rechtsberatung-von-rechtsanwalt-dr-hiemsch-aus-bad-schwalbach.jpg?resize=1024%2C683&amp;ssl=1 1024w, https:\/\/i0.wp.com\/greenrock-capital.com\/wp-content\/uploads\/2024\/12\/darstellung-der-individuellen-rechtsberatung-von-rechtsanwalt-dr-hiemsch-aus-bad-schwalbach.jpg?resize=768%2C512&amp;ssl=1 768w, https:\/\/i0.wp.com\/greenrock-capital.com\/wp-content\/uploads\/2024\/12\/darstellung-der-individuellen-rechtsberatung-von-rechtsanwalt-dr-hiemsch-aus-bad-schwalbach.jpg?resize=1200%2C800&amp;ssl=1 1200w, https:\/\/i0.wp.com\/greenrock-capital.com\/wp-content\/uploads\/2024\/12\/darstellung-der-individuellen-rechtsberatung-von-rechtsanwalt-dr-hiemsch-aus-bad-schwalbach.jpg?resize=1170%2C780&amp;ssl=1 1170w\" sizes=\"(max-width: 1170px) 100vw, 1170px\" \/><span aria-hidden=\"true\" class=\"wp-block-cover__background has-dark-background-color has-background-dim-40 has-background-dim\"><\/span><div class=\"wp-block-cover__inner-container is-layout-constrained wp-block-cover-is-layout-constrained\">\n<h2 class=\"wp-block-heading alignwide has-text-align-center has-light-color has-text-color has-link-color wp-elements-992dadaba4a4b317d625d9422dc10d11\" style=\"font-size:1.25rem;letter-spacing:6px;text-transform:uppercase\"><mark style=\"background-color:rgba(0, 0, 0, 0)\" class=\"has-inline-color has-background-color\">SUSTAINABLE INVESTING. PROFITABLE GROWTH.<\/mark><\/h2>\n\n\n\n<h1 class=\"wp-block-heading alignwide has-text-align-center has-light-color has-text-color has-link-color has-x-large-font-size wp-elements-ff0d1400ae06f47ee2da159ca16fc3d6\" style=\"margin-bottom:var(--wp--preset--spacing--60)\"><mark style=\"background-color:rgba(0, 0, 0, 0)\" class=\"has-inline-color has-background-color\">Let\u2019s lay the Foundation for Fuccessful Investments together<\/mark><\/h1>\n<\/div><\/div>\n\n\n\n<p class=\"has-text-align-center is-contact-description wp-block-paragraph\"><\/p>\n\n\n\n<div class=\"wp-block-columns alignwide has-radley-font-family is-layout-flex wp-container-core-columns-is-layout-f56f613f wp-block-columns-is-layout-flex\">\n<div class=\"wp-block-column is-layout-flow wp-block-column-is-layout-flow\">\n<div class=\"wp-block-group has-border-color has-stroke-border-color has-roboto-font-family is-layout-constrained wp-container-core-group-is-layout-afbfbc48 wp-block-group-is-layout-constrained\" style=\"border-width:1px;border-radius:5px;padding-top:56px;padding-right:48px;padding-bottom:56px;padding-left:48px\">\n<figure class=\"wp-block-image size-full is-resized wp-duotone-grayscale\"><img data-recalc-dims=\"1\" decoding=\"async\" width=\"512\" height=\"512\" data-attachment-id=\"945\" data-permalink=\"https:\/\/greenrock-capital.com\/en\/contact-us\/mail\/\" data-orig-file=\"https:\/\/i0.wp.com\/greenrock-capital.com\/wp-content\/uploads\/2024\/12\/mail.png?fit=512%2C512&amp;ssl=1\" data-orig-size=\"512,512\" data-comments-opened=\"1\" data-image-meta=\"{&quot;aperture&quot;:&quot;0&quot;,&quot;credit&quot;:&quot;&quot;,&quot;camera&quot;:&quot;&quot;,&quot;caption&quot;:&quot;&quot;,&quot;created_timestamp&quot;:&quot;0&quot;,&quot;copyright&quot;:&quot;&quot;,&quot;focal_length&quot;:&quot;0&quot;,&quot;iso&quot;:&quot;0&quot;,&quot;shutter_speed&quot;:&quot;0&quot;,&quot;title&quot;:&quot;&quot;,&quot;orientation&quot;:&quot;0&quot;}\" data-image-title=\"mail\" data-image-description=\"\" data-image-caption=\"\" data-large-file=\"https:\/\/i0.wp.com\/greenrock-capital.com\/wp-content\/uploads\/2024\/12\/mail.png?fit=512%2C512&amp;ssl=1\" src=\"https:\/\/i0.wp.com\/greenrock-capital.com\/wp-content\/uploads\/2024\/12\/mail.png?resize=512%2C512&#038;ssl=1\" alt=\"\" class=\"wp-image-945\" style=\"width:62px;height:auto\" srcset=\"https:\/\/i0.wp.com\/greenrock-capital.com\/wp-content\/uploads\/2024\/12\/mail.png?w=512&amp;ssl=1 512w, https:\/\/i0.wp.com\/greenrock-capital.com\/wp-content\/uploads\/2024\/12\/mail.png?resize=300%2C300&amp;ssl=1 300w, https:\/\/i0.wp.com\/greenrock-capital.com\/wp-content\/uploads\/2024\/12\/mail.png?resize=150%2C150&amp;ssl=1 150w, https:\/\/i0.wp.com\/greenrock-capital.com\/wp-content\/uploads\/2024\/12\/mail.png?resize=400%2C400&amp;ssl=1 400w, https:\/\/i0.wp.com\/greenrock-capital.com\/wp-content\/uploads\/2024\/12\/mail.png?resize=200%2C200&amp;ssl=1 200w\" sizes=\"(max-width: 512px) 100vw, 512px\" \/><\/figure>\n\n\n\n<h3 class=\"wp-block-heading\" style=\"font-size:1.25rem\">Send Us an Email<\/h3>\n\n\n\n<p class=\"wp-block-paragraph\">Do you have any questions or need further information? Our team is here to help you. <\/p>\n\n\n\n<div class=\"wp-block-buttons is-content-justification-center is-layout-flex wp-container-core-buttons-is-layout-20959078 wp-block-buttons-is-layout-flex\">\n<div class=\"wp-block-button\"><a class=\"wp-block-button__link has-dark-background-color has-background has-radley-font-family wp-element-button\" href=\"mailto:info@greenrock-capital.de\">Send email<\/a><\/div>\n<\/div>\n<\/div>\n\n\n\n<div class=\"wp-block-group has-border-color has-stroke-border-color has-roboto-font-family is-layout-constrained wp-container-core-group-is-layout-afbfbc48 wp-block-group-is-layout-constrained\" style=\"border-width:1px;border-radius:5px;padding-top:56px;padding-right:48px;padding-bottom:56px;padding-left:48px\">\n<figure class=\"wp-block-image size-full is-resized wp-duotone-5e5e5e-7f7f7f-1\"><img data-recalc-dims=\"1\" decoding=\"async\" width=\"512\" height=\"512\" data-attachment-id=\"1544\" data-permalink=\"https:\/\/greenrock-capital.com\/en\/contact-us\/info\/\" data-orig-file=\"https:\/\/i0.wp.com\/greenrock-capital.com\/wp-content\/uploads\/2025\/11\/info.png?fit=512%2C512&amp;ssl=1\" data-orig-size=\"512,512\" data-comments-opened=\"1\" data-image-meta=\"{&quot;aperture&quot;:&quot;0&quot;,&quot;credit&quot;:&quot;&quot;,&quot;camera&quot;:&quot;&quot;,&quot;caption&quot;:&quot;&quot;,&quot;created_timestamp&quot;:&quot;0&quot;,&quot;copyright&quot;:&quot;&quot;,&quot;focal_length&quot;:&quot;0&quot;,&quot;iso&quot;:&quot;0&quot;,&quot;shutter_speed&quot;:&quot;0&quot;,&quot;title&quot;:&quot;&quot;,&quot;orientation&quot;:&quot;0&quot;}\" data-image-title=\"info\" data-image-description=\"\" data-image-caption=\"\" data-large-file=\"https:\/\/i0.wp.com\/greenrock-capital.com\/wp-content\/uploads\/2025\/11\/info.png?fit=512%2C512&amp;ssl=1\" src=\"https:\/\/i0.wp.com\/greenrock-capital.com\/wp-content\/uploads\/2025\/11\/info.png?resize=512%2C512&#038;ssl=1\" alt=\"\" class=\"wp-image-1544\" style=\"width:62px;height:auto\" srcset=\"https:\/\/i0.wp.com\/greenrock-capital.com\/wp-content\/uploads\/2025\/11\/info.png?w=512&amp;ssl=1 512w, https:\/\/i0.wp.com\/greenrock-capital.com\/wp-content\/uploads\/2025\/11\/info.png?resize=300%2C300&amp;ssl=1 300w, https:\/\/i0.wp.com\/greenrock-capital.com\/wp-content\/uploads\/2025\/11\/info.png?resize=150%2C150&amp;ssl=1 150w, https:\/\/i0.wp.com\/greenrock-capital.com\/wp-content\/uploads\/2025\/11\/info.png?resize=12%2C12&amp;ssl=1 12w, https:\/\/i0.wp.com\/greenrock-capital.com\/wp-content\/uploads\/2025\/11\/info.png?resize=400%2C400&amp;ssl=1 400w, https:\/\/i0.wp.com\/greenrock-capital.com\/wp-content\/uploads\/2025\/11\/info.png?resize=200%2C200&amp;ssl=1 200w\" sizes=\"(max-width: 512px) 100vw, 512px\" \/><\/figure>\n\n\n\n<h3 class=\"wp-block-heading\" style=\"font-size:1.25rem\">Impressum<\/h3>\n\n\n\n<p class=\"wp-block-paragraph\">This website is operated by Greenrock Capital (Bahnhofstra\u00dfe 75, CH 8001-Zurich).<\/p>\n\n\n\n<p class=\"wp-block-paragraph\">Company: Greenrock Capital AG<\/p>\n\n\n\n<p class=\"wp-block-paragraph\">Email: info@greenrock-capital.de<\/p>\n\n\n\n<p class=\"wp-block-paragraph\">Addresse: Bahnhofstra\u00dfe 75, CH 8001-Zurich<\/p>\n<\/div>\n<\/div>\n<\/div>\n\n\n\n<p class=\"has-text-align-center is-contact-description wp-block-paragraph\"><\/p>\n\n\n\n<p class=\"wp-block-paragraph\"><\/p>","protected":false},"excerpt":{"rendered":"<p>Schreiben Sie uns eine E-Mail Haben Sie Fragen oder ben\u00f6tigen Sie weitere Informationen? Unser Team ist hier, um Ihnen zu helfen. Impressum Diese Webseite wird von der Greenrock Capital (Bahnhofstra\u00dfe 75, CH 8001-Z\u00fcrich) betrieben. Unternehmen: Greenrock Capital AG Email: info@greenrock-capital.de Adresse: Bahnhofstra\u00dfe 75, CH 8001-Z\u00fcrich<\/p>","protected":false},"author":224739382,"featured_media":0,"parent":0,"menu_order":0,"comment_status":"closed","ping_status":"closed","template":"page-header-footer-only","meta":{"_crdt_document":"","advanced_seo_description":"","jetpack_seo_html_title":"","jetpack_seo_noindex":false,"jetpack_post_was_ever_published":false,"footnotes":""},"class_list":["post-750","page","type-page","status-publish","hentry"],"jetpack_likes_enabled":true,"jetpack_sharing_enabled":true,"jetpack_shortlink":"https:\/\/wp.me\/Pgre9u-c6","jetpack-related-posts":[{"id":591,"url":"https:\/\/greenrock-capital.com\/en\/about-us\/","url_meta":{"origin":750,"position":0},"title":"About FVS","author":"edgieadmin","date":"8th January 2025","format":false,"excerpt":"GREENROCK CAPITAL Immobilien: Nachhaltig und Profitabel Wer wir sind 25+ Jahre Erfahrung In der nachhaltigen Optimierung und Entwicklung von Immobilien-Portfolien. CO\u2082-Fu\u00dfabdruck Reduzierung von \u00fcber 70 % durch innovative energetische Technologien. 6500+ Wohneinheiten Wurden durch uns Profitabel und Nachhaltig saniert und entwickelt. 65 %+ Wertsteigerung im Durchschnitt f\u00fcr unsere Immobilienportfolien innerhalb\u2026","rel":"","context":"Similar post","block_context":{"text":"Similar post","link":""},"img":{"alt_text":"","src":"https:\/\/i0.wp.com\/greenrock-capital.com\/wp-content\/uploads\/2022\/11\/cropped-logo-not-transparent.png?resize=350%2C200&ssl=1","width":350,"height":200},"classes":[]}],"_links":{"self":[{"href":"https:\/\/greenrock-capital.com\/en\/wp-json\/wp\/v2\/pages\/750","targetHints":{"allow":["GET"]}}],"collection":[{"href":"https:\/\/greenrock-capital.com\/en\/wp-json\/wp\/v2\/pages"}],"about":[{"href":"https:\/\/greenrock-capital.com\/en\/wp-json\/wp\/v2\/types\/page"}],"author":[{"embeddable":true,"href":"https:\/\/greenrock-capital.com\/en\/wp-json\/wp\/v2\/users\/224739382"}],"replies":[{"embeddable":true,"href":"https:\/\/greenrock-capital.com\/en\/wp-json\/wp\/v2\/comments?post=750"}],"version-history":[{"count":43,"href":"https:\/\/greenrock-capital.com\/en\/wp-json\/wp\/v2\/pages\/750\/revisions"}],"predecessor-version":[{"id":1547,"href":"https:\/\/greenrock-capital.com\/en\/wp-json\/wp\/v2\/pages\/750\/revisions\/1547"}],"wp:attachment":[{"href":"https:\/\/greenrock-capital.com\/en\/wp-json\/wp\/v2\/media?parent=750"}],"curies":[{"name":"wp","href":"https:\/\/api.w.org\/{rel}","templated":true}]}}